{"id":356,"date":"2020-11-20T13:56:12","date_gmt":"2020-11-20T12:56:12","guid":{"rendered":"https:\/\/stalowkapisane.pl\/?page_id=356"},"modified":"2020-11-20T20:38:05","modified_gmt":"2020-11-20T19:38:05","slug":"blog","status":"publish","type":"page","link":"https:\/\/stalowkapisane.pl\/?page_id=356","title":{"rendered":"Blog"},"content":{"rendered":"\n<div style=\"height:60px\" aria-hidden=\"true\" class=\"wp-block-spacer\"><\/div>\n\n\n\n<h1 class=\"has-text-align-center wp-block-heading\">Blog<\/h1>\n\n\n\n<div class=\"alignfull wp-block-ugb-blog-posts ugb-blog-posts ticss-2e758f46 ugb-2e758f4 ugb-blog-posts--v2 ugb-blog-posts--design-basic ugb-blog-posts--columns-1 ugb-blog-posts--cat-highlighted ugb-main-block ugb--has-custom-content-width ugb-main-block--inner-wide ugb--has-block-background\"><style>.ugb-2e758f4 .ugb-blog-posts__featured-image{border-radius:0px !important;margin-bottom:60px !important}.ugb-2e758f4 .ugb-blog-posts__featured-image img{height:650px !important}.ugb-2e758f4 .ugb-blog-posts__title a{color:#686868 !important}.ugb-2e758f4 .ugb-blog-posts__title a:hover{opacity:0.8}.ugb-2e758f4 .ugb-blog-posts__title{font-weight:500 !important}.ugb-2e758f4 .ugb-blog-posts__excerpt,.ugb-2e758f4 .ugb-blog-posts__excerpt p{color:#686868 !important}.ugb-2e758f4 .ugb-blog-posts__excerpt{margin-bottom:10px !important}.ugb-2e758f4 .ugb-blog-posts__meta{font-family:\"Lato\",Sans-serif !important;font-size:10px !important;font-weight:400 !important;text-transform:uppercase !important;letter-spacing:2px !important;color:#989898 !important;text-align:center !important;margin-bottom:0px !important}.ugb-2e758f4 .ugb-blog-posts__readmore a{color:#313131 !important}.ugb-2e758f4 .ugb-blog-posts__readmore a:hover{opacity:0.8}.ugb-2e758f4 .ugb-blog-posts__readmore{font-family:\"Lato\",Sans-serif !important;font-size:10px !important;font-weight:400 !important;text-transform:uppercase !important;letter-spacing:2px !important;margin-bottom:60px !important}.ugb-2e758f4 .ugb-inner-block{text-align:center}.ugb-2e758f4.ugb-blog-posts{min-height:0px;justify-content:center;background-attachment:fixed}.ugb-2e758f4.ugb-blog-posts > .ugb-inner-block{min-width:auto !important;max-width:100% !important}@media screen and (min-width:768px){.ugb-2e758f4 > .ugb-inner-block > .ugb-block-content > *{padding-top:0px !important;padding-bottom:0px !important;padding-right:0px !important;padding-left:0px !important}}@media screen and (-ms-high-contrast:active),screen and (-ms-high-contrast:none){.ugb-2e758f4.ugb-blog-posts{height:0px}}<\/style><style>.ugb-2e758f4 .ugb-blog-posts__content{border-bottom:1px solid blue !important;border-color:#e8e8e8 !important}<\/style><div class=\"ugb-inner-block ugb-inner-block--wide\"><div class=\"ugb-block-content\"><article class=\"ugb-blog-posts__item\"><div class=\"ugb-blog-posts__content\"><figure class=\"ugb-blog-posts__featured-image\"><a href=\"https:\/\/stalowkapisane.pl\/?p=655\"><img loading=\"lazy\" decoding=\"async\" width=\"1067\" height=\"1600\" src=\"https:\/\/stalowkapisane.pl\/wp-content\/uploads\/2021\/06\/B5E28703-D758-42C8-8473-6524C7DC120C.jpeg\" class=\"attachment-full size-full wp-post-image\" alt=\"\" \/><\/a><\/figure><h2 class=\"ugb-blog-posts__title\"><a href=\"https:\/\/stalowkapisane.pl\/?p=655\">Wesele inspirowane stylem Fine Art<\/a><\/h2><aside class=\"entry-meta ugb-blog-posts__meta\">23 czerwca 2021<\/aside><div class=\"ugb-blog-posts__excerpt\"><p>Je\u015bli marzy Wam si\u0119 przyj\u0119cie w romantycznym stylu, lubicie jasne kolory, delikatno\u015b\u0107 i pe\u0142en klasy &#8220;paryski szyk&#8221;, w tej sesji znajdziecie mn\u00f3stwo inspiracji. Wsp\u00f3lnie ze wspania\u0142\u0105 ekip\u0105 utalentowanych os\u00f3b, uda\u0142o si\u0119 nam wyczarowa\u0107 efekt o jakim marzy\u0142am. FOTOGRAF Paulina Gradys Fotografia &nbsp;@paulinagradys.fotografia ORGANIZACJA I KOORDYNACJA And\u017celika Pawlak &nbsp;@time2wedding, LOKAL Dw\u00f3r Przystanki &nbsp;@dworprzystanki , MODELKA Aleksandra&#8230;<\/div><p class=\"ugb-blog-posts__readmore\"><a href=\"https:\/\/stalowkapisane.pl\/?p=655\">CZYTAJ DALEJ<\/a><\/p><\/div><\/article><article class=\"ugb-blog-posts__item\"><div class=\"ugb-blog-posts__content\"><figure class=\"ugb-blog-posts__featured-image\"><a href=\"https:\/\/stalowkapisane.pl\/?p=524\"><img loading=\"lazy\" decoding=\"async\" width=\"2560\" height=\"1707\" src=\"https:\/\/stalowkapisane.pl\/wp-content\/uploads\/2021\/03\/Sedina-93-1-scaled.jpg\" class=\"attachment-full size-full wp-post-image\" alt=\"\" \/><\/a><\/figure><h2 class=\"ugb-blog-posts__title\"><a href=\"https:\/\/stalowkapisane.pl\/?p=524\">Papeteria \u015blubna w stylu Modern Vintage w niezwyk\u0142ej sesji zdj\u0119ciowej ukazuj\u0105cej trzy pokolenia pi\u0119knych kobiet.<\/a><\/h2><aside class=\"entry-meta ugb-blog-posts__meta\">5 marca 2021<\/aside><div class=\"ugb-blog-posts__excerpt\"><p>Papeteria \u015blubna w stylu Modern Vintage w niezwyk\u0142ej sesji zdj\u0119ciowej ukazuj\u0105cej trzy pokolenia pi\u0119knych kobiet.<\/p>\n<\/div><p class=\"ugb-blog-posts__readmore\"><a href=\"https:\/\/stalowkapisane.pl\/?p=524\">CZYTAJ DALEJ<\/a><\/p><\/div><\/article><article class=\"ugb-blog-posts__item\"><div class=\"ugb-blog-posts__content\"><figure class=\"ugb-blog-posts__featured-image\"><a href=\"https:\/\/stalowkapisane.pl\/?p=527\"><img loading=\"lazy\" decoding=\"async\" width=\"1440\" height=\"2560\" src=\"https:\/\/stalowkapisane.pl\/wp-content\/uploads\/2024\/11\/IMG_8071-scaled.jpg\" class=\"attachment-full size-full wp-post-image\" alt=\"\" \/><\/a><\/figure><h2 class=\"ugb-blog-posts__title\"><a href=\"https:\/\/stalowkapisane.pl\/?p=527\">Luksusowe grawerowanie<\/a><\/h2><aside class=\"entry-meta ugb-blog-posts__meta\">12 grudnia 2020<\/aside><div class=\"ugb-blog-posts__excerpt\"><p> Idealna opcja dla tych, kt\u00f3rzy kochaj\u0105 unikatowe prezenty. <\/p>\n<\/div><p class=\"ugb-blog-posts__readmore\"><a href=\"https:\/\/stalowkapisane.pl\/?p=527\">CZYTAJ DALEJ<\/a><\/p><\/div><\/article><\/div><\/div><\/div>\n\n\n","protected":false},"excerpt":{"rendered":"<p>Blog Wesele inspirowane stylem Fine Art 23 czerwca 2021 Je\u015bli marzy Wam si\u0119 przyj\u0119cie w romantycznym stylu, lubicie&#8230; <a class=\"excerpt-read-more\" href=\"https:\/\/stalowkapisane.pl\/?page_id=356\"><span>Read More<\/span><\/a><\/p>\n","protected":false},"author":1,"featured_media":0,"parent":0,"menu_order":0,"comment_status":"closed","ping_status":"closed","template":"","meta":{"footnotes":""},"class_list":["post-356","page","type-page","status-publish","hentry"],"featured_image_urls_v2":{"full":"","thumbnail":"","medium":"","medium_large":"","large":"","1536x1536":"","2048x2048":"","dt-gallery-thumb":"","dt-member-thumb":"","mora-blog-thumbnail":"","mora-blog-grid-thumbnail":"","mora-blog-carousel-thumbnail":"","mora-full-size":""},"post_excerpt_stackable_v2":"<p>Blog Wesele inspirowane stylem Fine Art23 czerwca 2021Je\u015bli marzy Wam si\u0119 przyj\u0119cie w romantycznym stylu, lubicie jasne kolory, delikatno\u015b\u0107 i pe\u0142en klasy &#8220;paryski szyk&#8221;, w tej sesji znajdziecie mn\u00f3stwo inspiracji. Wsp\u00f3lnie ze wspania\u0142\u0105 ekip\u0105 utalentowanych os\u00f3b, uda\u0142o si\u0119 nam wyczarowa\u0107 efekt o jakim marzy\u0142am. FOTOGRAF Paulina Gradys Fotografia &nbsp;@paulinagradys.fotografia ORGANIZACJA I KOORDYNACJA And\u017celika Pawlak &nbsp;@time2wedding, LOKAL Dw\u00f3r Przystanki &nbsp;@dworprzystanki , MODELKA Aleksandra&#8230;CZYTAJ DALEJPapeteria \u015blubna w stylu Modern Vintage w niezwyk\u0142ej sesji zdj\u0119ciowej ukazuj\u0105cej trzy pokolenia pi\u0119knych kobiet.5 marca 2021Papeteria \u015blubna w stylu Modern Vintage w niezwyk\u0142ej sesji zdj\u0119ciowej ukazuj\u0105cej trzy pokolenia pi\u0119knych kobiet. CZYTAJ DALEJLuksusowe grawerowanie12 grudnia 2020 Idealna opcja&hellip;<\/p>\n","category_list_v2":"","author_info_v2":{"name":"Magdalena","url":"https:\/\/stalowkapisane.pl\/?author=1"},"comments_num_v2":"0 comments","jetpack_sharing_enabled":true,"_links":{"self":[{"href":"https:\/\/stalowkapisane.pl\/index.php?rest_route=\/wp\/v2\/pages\/356","targetHints":{"allow":["GET"]}}],"collection":[{"href":"https:\/\/stalowkapisane.pl\/index.php?rest_route=\/wp\/v2\/pages"}],"about":[{"href":"https:\/\/stalowkapisane.pl\/index.php?rest_route=\/wp\/v2\/types\/page"}],"author":[{"embeddable":true,"href":"https:\/\/stalowkapisane.pl\/index.php?rest_route=\/wp\/v2\/users\/1"}],"replies":[{"embeddable":true,"href":"https:\/\/stalowkapisane.pl\/index.php?rest_route=%2Fwp%2Fv2%2Fcomments&post=356"}],"version-history":[{"count":26,"href":"https:\/\/stalowkapisane.pl\/index.php?rest_route=\/wp\/v2\/pages\/356\/revisions"}],"predecessor-version":[{"id":1138,"href":"https:\/\/stalowkapisane.pl\/index.php?rest_route=\/wp\/v2\/pages\/356\/revisions\/1138"}],"wp:attachment":[{"href":"https:\/\/stalowkapisane.pl\/index.php?rest_route=%2Fwp%2Fv2%2Fmedia&parent=356"}],"curies":[{"name":"wp","href":"https:\/\/api.w.org\/{rel}","templated":true}]}}