{"id":476,"date":"2020-11-30T12:50:21","date_gmt":"2020-11-30T11:50:21","guid":{"rendered":"https:\/\/stalowkapisane.pl\/?page_id=476"},"modified":"2026-01-05T15:12:59","modified_gmt":"2026-01-05T14:12:59","slug":"nauka-kaligrafii","status":"publish","type":"page","link":"https:\/\/stalowkapisane.pl\/?page_id=476","title":{"rendered":"\u015aWI\u0118TA &#8217;25"},"content":{"rendered":"<p>[vc_row full_width=&#8221;stretch_row&#8221; full_height=&#8221;yes&#8221; content_placement=&#8221;middle&#8221; parallax=&#8221;content-moving&#8221; parallax_image=&#8221;854&#8243; dt_color=&#8221;#ffffff&#8221; dt_color_opacity=&#8221;80&#8243;][vc_column][vc_custom_heading text=&#8221;OFERTA \u015aWI\u0104TECZNA 2025&#8243; font_container=&#8221;tag:h1|text_align:center|color:%23686868&#8243; use_theme_fonts=&#8221;yes&#8221;][vc_column_text]<\/p>\n<h2 style=\"text-align: center;\">Edycja limitowana &#8211; do wyczerpania zapas\u00f3w!<\/h2>\n<p>[\/vc_column_text][vc_column_text][\/vc_column_text][vc_empty_space][\/vc_column][\/vc_row][vc_row][vc_column][vc_column_text]<\/p>\n<h4 style=\"text-align: center;\"><em><img loading=\"lazy\" decoding=\"async\" class=\"wp-image-965 aligncenter\" src=\"https:\/\/stalowkapisane.pl\/wp-content\/uploads\/2023\/11\/Green-and-Beige-Neutral-Minimalist-Inspirational-Fashion-Photo-Collage-2-1-300x300.jpg\" alt=\"\" width=\"141\" height=\"141\" srcset=\"https:\/\/stalowkapisane.pl\/wp-content\/uploads\/2023\/11\/Green-and-Beige-Neutral-Minimalist-Inspirational-Fashion-Photo-Collage-2-1-300x300.jpg 300w, https:\/\/stalowkapisane.pl\/wp-content\/uploads\/2023\/11\/Green-and-Beige-Neutral-Minimalist-Inspirational-Fashion-Photo-Collage-2-1-1024x1024.jpg 1024w, https:\/\/stalowkapisane.pl\/wp-content\/uploads\/2023\/11\/Green-and-Beige-Neutral-Minimalist-Inspirational-Fashion-Photo-Collage-2-1-150x150.jpg 150w, https:\/\/stalowkapisane.pl\/wp-content\/uploads\/2023\/11\/Green-and-Beige-Neutral-Minimalist-Inspirational-Fashion-Photo-Collage-2-1-768x768.jpg 768w, https:\/\/stalowkapisane.pl\/wp-content\/uploads\/2023\/11\/Green-and-Beige-Neutral-Minimalist-Inspirational-Fashion-Photo-Collage-2-1-1536x1536.jpg 1536w, https:\/\/stalowkapisane.pl\/wp-content\/uploads\/2023\/11\/Green-and-Beige-Neutral-Minimalist-Inspirational-Fashion-Photo-Collage-2-1-1120x1120.jpg 1120w, https:\/\/stalowkapisane.pl\/wp-content\/uploads\/2023\/11\/Green-and-Beige-Neutral-Minimalist-Inspirational-Fashion-Photo-Collage-2-1-640x640.jpg 640w, https:\/\/stalowkapisane.pl\/wp-content\/uploads\/2023\/11\/Green-and-Beige-Neutral-Minimalist-Inspirational-Fashion-Photo-Collage-2-1.jpg 1772w\" sizes=\"auto, (max-width: 141px) 100vw, 141px\" \/>Luksusowe ozdoby \u015bwi\u0105teczne. <\/em><\/h4>\n<h4 style=\"text-align: center;\"><em>Personalizowane by uchwyci\u0107 magi\u0119 \u015awi\u0105t, symbolizowa\u0107 Wasze pi\u0119kne historie i wspomnienia.<\/em><\/h4>\n<h4 style=\"text-align: center;\"><em>Idealnie sprawdz\u0105 si\u0119 r\u00f3wnie\u017c \u00a0jako ciep\u0142y, osobisty prezent dla bliskich os\u00f3b.<\/em><\/h4>\n<p>[\/vc_column_text][vc_empty_space][vc_empty_space][vc_empty_space][vc_empty_space][vc_empty_space][\/vc_column][\/vc_row][vc_row][vc_column width=&#8221;1\/2&#8243;][vc_column_text]<\/p>\n<h2><em><b>Ceramiczna gwiazdka &#8211; r\u0119cznie grawerowana<\/b><\/em><b><\/b><\/h2>\n<p>R\u0119cznie grawerowana kaligrafi\u0105, personalizowana bombka z ceramiki \u2013 w kszta\u0142cie <b>GWIAZDKI lub KO\u0141A<\/b>. Ka\u017cda powstaje indywidualnie, z Twoim s\u0142owem, inicja\u0142ami lub imieniem. Pakowana jest w eleganckie pude\u0142ko z certyfikatem oryginalno\u015bci.<\/p>\n<h3><b>W zestawie:<\/b><b><\/b><\/h3>\n<p>\u2022ceramiczna ozdoba (gwiazdka lub ko\u0142o), wymiary gwiazdki ok 7,5cm x 0,3cm grubo\u015bci, ko\u0142o ok. 7cm x 0,3cm grubo\u015bci<\/p>\n<p>\u2022r\u0119czny grawer kaligrafowany (<strong>1 s\u0142owo \/ lub inicja\u0142y)<\/strong> wype\u0142niony z\u0142ot\u0105 lub srebrn\u0105 past\u0105,<\/p>\n<p>\u2022welurowa bia\u0142a wst\u0105\u017cka,<\/p>\n<p>\u2022eleganckie pude\u0142ko prezentowe,<\/p>\n<p>\u2022certyfikat oryginalno\u015bci i kartka <i>\u201e\u015awi\u0105teczne wspomnienia\u201d<\/i>.<\/p>\n<p><b>Cena:<\/b> <strong><em>149 z\u0142<\/em><\/strong><\/p>\n<p>&nbsp;<\/p>\n<p><strong>Opcjonalnie: charms<\/strong> (w kolorze z\u0142otym lub srebrnym) z r\u0119cznie grawerowan\u0105 dat\u0105 &#8220;2025&#8221;\/ lub innym rokiem \/ ma\u0142ymi inicja\u0142ami \/ lub znakiem serduszka \u00a0<em>(<strong>+39 z\u0142<\/strong>)\u00a0<\/em><\/p>\n<p>Istnieje te\u017c mo\u017cliwo\u015b\u0107 dodania graweru ma\u0142ej daty bez charms&#8217;a &#8211; bezpo\u015brednio pod grawerem s\u0142owa, na ceramicznej bombce <em>(koszt <strong>+30z\u0142<\/strong>)<\/em>.[\/vc_column_text][vc_empty_space][\/vc_column][vc_column width=&#8221;1\/2&#8243;][vc_single_image image=&#8221;1209&#8243; img_size=&#8221;large&#8221; alignment=&#8221;right&#8221;][\/vc_column][\/vc_row][vc_row][vc_column][vc_single_image image=&#8221;1210&#8243; img_size=&#8221;large&#8221; alignment=&#8221;center&#8221;][vc_empty_space height=&#8221;&#8221;][vc_empty_space height=&#8221;&#8221;][vc_empty_space height=&#8221;&#8221;][vc_empty_space height=&#8221;&#8221;][vc_empty_space height=&#8221;&#8221;][vc_empty_space height=&#8221;&#8221;][vc_empty_space height=&#8221;&#8221;][vc_column_text]<\/p>\n<h4 style=\"text-align: center;\"><em><img loading=\"lazy\" decoding=\"async\" class=\"wp-image-965 aligncenter\" src=\"https:\/\/stalowkapisane.pl\/wp-content\/uploads\/2023\/11\/Green-and-Beige-Neutral-Minimalist-Inspirational-Fashion-Photo-Collage-2-1-300x300.jpg\" alt=\"\" width=\"141\" height=\"141\" srcset=\"https:\/\/stalowkapisane.pl\/wp-content\/uploads\/2023\/11\/Green-and-Beige-Neutral-Minimalist-Inspirational-Fashion-Photo-Collage-2-1-300x300.jpg 300w, https:\/\/stalowkapisane.pl\/wp-content\/uploads\/2023\/11\/Green-and-Beige-Neutral-Minimalist-Inspirational-Fashion-Photo-Collage-2-1-1024x1024.jpg 1024w, https:\/\/stalowkapisane.pl\/wp-content\/uploads\/2023\/11\/Green-and-Beige-Neutral-Minimalist-Inspirational-Fashion-Photo-Collage-2-1-150x150.jpg 150w, https:\/\/stalowkapisane.pl\/wp-content\/uploads\/2023\/11\/Green-and-Beige-Neutral-Minimalist-Inspirational-Fashion-Photo-Collage-2-1-768x768.jpg 768w, https:\/\/stalowkapisane.pl\/wp-content\/uploads\/2023\/11\/Green-and-Beige-Neutral-Minimalist-Inspirational-Fashion-Photo-Collage-2-1-1536x1536.jpg 1536w, https:\/\/stalowkapisane.pl\/wp-content\/uploads\/2023\/11\/Green-and-Beige-Neutral-Minimalist-Inspirational-Fashion-Photo-Collage-2-1-1120x1120.jpg 1120w, https:\/\/stalowkapisane.pl\/wp-content\/uploads\/2023\/11\/Green-and-Beige-Neutral-Minimalist-Inspirational-Fashion-Photo-Collage-2-1-640x640.jpg 640w, https:\/\/stalowkapisane.pl\/wp-content\/uploads\/2023\/11\/Green-and-Beige-Neutral-Minimalist-Inspirational-Fashion-Photo-Collage-2-1.jpg 1772w\" sizes=\"auto, (max-width: 141px) 100vw, 141px\" \/><\/em><\/h4>\n<p>[\/vc_column_text][\/vc_column][\/vc_row][vc_row][vc_column width=&#8221;1\/2&#8243;][vc_column_text]<\/p>\n<h2><em><b>Medalion ze szk\u0142a kryszta\u0142owego premium<\/b><\/em><b><\/b><\/h2>\n<p>Medalion ze szk\u0142a kryszta\u0142owego z wyrze\u017abion\u0105 (wygrawerowan\u0105) r\u0119cznie personalizacj\u0105. Ka\u017cdy powstaje indywidualnie, z dowolnym tekstem, inicja\u0142ami lub imieniem. Pakowany jest w eleganckie pude\u0142ko gotowe do wr\u0119czenia na prezent!<\/p>\n<h3><b>W zestawie:<\/b><b><\/b><\/h3>\n<p>\u2022kryszta\u0142owy medalion o \u015brednicy 8cm i ok. 0,6cm grubo\u015bci,<\/p>\n<p>\u2022r\u0119czny grawer kaligrafowany (<strong>1-3 s\u0142owa)<\/strong> wype\u0142niony z\u0142ot\u0105 lub srebrn\u0105 past\u0105,<\/p>\n<p>\u2022welurowa bia\u0142a wst\u0105\u017cka,<\/p>\n<p>\u2022eleganckie pude\u0142ko prezentowe,<\/p>\n<p>\u2022certyfikat oryginalno\u015bci i kaligrafowana kartka <i>\u201e\u015awi\u0105teczne wspomnienia\u201d<\/i>.<\/p>\n<p>&nbsp;<\/p>\n<p><b>Cena:<\/b> <strong><em>169 z\u0142 \/ <\/em><\/strong>z grawerem: 1 s\u0142owo lub inicja\u0142y<\/p>\n<p><strong>199z\u0142<\/strong> \/ 2 s\u0142owa lub 1 s\u0142owo + data<\/p>\n<p><strong>229z\u0142<\/strong> \/ 3 s\u0142owa<\/p>\n<p>&nbsp;<\/p>\n<p>[\/vc_column_text][vc_empty_space][\/vc_column][vc_column width=&#8221;1\/2&#8243;][vc_single_image image=&#8221;1293&#8243; img_size=&#8221;full&#8221; alignment=&#8221;right&#8221;][\/vc_column][\/vc_row][vc_row][vc_column][vc_column_text]<\/p>\n<h2 style=\"text-align: center;\"><b>Co wygrawerowa\u0107 ?<\/b><\/h2>\n<p style=\"text-align: center;\"><strong>Na ceramicznej gwiazdce<\/strong> lub <strong>ceramicznym kole<\/strong>: imi\u0119 \/ inicja\u0142y \/ 1 s\u0142owo. Dodatkowy ma\u0142y grawer roku mo\u017cna doda\u0107 pod grawerem s\u0142owa , lub dla jeszcze lepszego efektu &#8211; na dodatkowym charms&#8217;ie. \u00a0Im kr\u00f3tsza tre\u015b\u0107 tym estetyczniej b\u0119dzie wygl\u0105da\u0107 a kr\u00f3j liter ma swoje \u201epole do popisu\u201d.<span class=\"Apple-converted-space\"> Kaligrafia kocha przestrze\u0144! Wygl\u0105da wtedy najpi\u0119kniej.<\/span><\/p>\n<p style=\"text-align: center;\"><strong>Na transparentym medalionie ze szk\u0142a kryszta\u0142owego<\/strong> mog\u0119 wygrawerowa\u0107 do 3 s\u0142\u00f3w (max. do 4 w zale\u017cno\u015bci od ich d\u0142ugo\u015bci)<\/p>\n<p>&nbsp;<\/p>\n<p style=\"text-align: center;\"><span class=\"Apple-converted-space\">Je\u015bli \u00a0chcecie uwieczni\u0107 wi\u0119cej tre\u015bci, polecam specjalnie przeze mnie do tego stworzon\u0105 ma\u0142\u0105 kart\u0119 &#8220;\u015awi\u0105teczne wspomnienia&#8221; (dodawana jest do ka\u017cdej bombki) na kt\u00f3rej wykaligrafowa\u0107 mog\u0119 dla Was dodatkowy tekst, kt\u00f3ry b\u0119dzie przywo\u0142ywa\u0142 pi\u0119kne chwile.<\/span><\/p>\n<p>&nbsp;<\/p>\n<p style=\"text-align: center;\"><b>Polecam teksty graweru:<\/b><\/p>\n<p style=\"text-align: center;\">-Imi\u0119<\/p>\n<p style=\"text-align: center;\">-Inicja\u0142y<\/p>\n<p style=\"text-align: center;\">-Podkre\u015blenie okazji np \u201eNarzeczeni 2025\u201d,&#8221;Home 2025&#8243;, &#8220;Married 2025&#8221;<\/p>\n<p style=\"text-align: center;\">-Wsp\u00f3lne nowe nazwisko<\/p>\n<p style=\"text-align: center;\">-Monogram z pierwszych liter Waszych imion<span class=\"Apple-converted-space\">\u00a0<\/span><\/p>\n<p style=\"text-align: center;\">-Pierwsze \u015awi\u0119ta (Imi\u0119)<\/p>\n<p style=\"text-align: center;\">-Mr &amp; Mrs (Nazwisko)<\/p>\n<hr \/>\n<p>[\/vc_column_text][vc_empty_space height=&#8221;&#8221;][vc_empty_space height=&#8221;&#8221;][vc_empty_space height=&#8221;&#8221;][vc_empty_space height=&#8221;&#8221;][\/vc_column][\/vc_row][vc_row][vc_column][vc_empty_space][vc_empty_space][vc_empty_space][vc_column_text]<\/p>\n<h1 style=\"text-align: center;\"><strong>JAK ZAM\u00d3WI\u0106<\/strong><\/h1>\n<p style=\"text-align: center;\">Zam\u00f3w grawerowan\u0105 ozdob\u0119 \u015bwi\u0105teczn\u0105 poprzez<\/p>\n<p style=\"text-align: center;\">mail: <a href=\"mailto:stalowkapisane@gmail.com\">stalowkapisane@gmail.com, <\/a>lub w wiadomo\u015bci na Instagramie: \u00a0<a href=\"https:\/\/www.instagram.com\/stalowkapisane\/\">https:\/\/www.instagram.com\/stalowkapisane\/<\/a><\/p>\n<p style=\"text-align: center;\">Podaj prosz\u0119:<\/p>\n<p style=\"text-align: center;\">1. Tekst \u00a0graweru<\/p>\n<p style=\"text-align: center;\">2. Kolor wype\u0142nienia graweru: z\u0142oto lub srebro<\/p>\n<p style=\"text-align: center;\">3. Tekst notatki do wykaligrafowania na karcie &#8220;\u015awi\u0105teczne wspomnienia&#8221;(dowolny tekst, max 1 zdanie) lub informacj\u0119, je\u015bli karta ma zosta\u0107 pusta do samodzielnego wype\u0142nienia. (W przypadku braku informacji, wysy\u0142am pust\u0105)<\/p>\n<p style=\"text-align: center;\">4. Wybrany spos\u00f3b wysy\u0142ki<\/p>\n<p>&nbsp;<\/p>\n<p style=\"text-align: center;\"><em>*w przypadku dom\u00f3wienia do gwiazdki metalowej zawieszki z grawerem (+39z\u0142) &#8211; prosz\u0119 o informacj\u0119 o jej kolorze: z\u0142oty lub srebrny.\u00a0<\/em><\/p>\n<p style=\"text-align: center;\">&#8212;&#8212;&#8212;&#8212;&#8212;&#8212;&#8212;&#8212;&#8212;&#8212;&#8212;&#8212;&#8212;&#8212;&#8212;&#8212;&#8212;&#8212;&#8212;&#8212;&#8212;&#8212;&#8212;&#8212;&#8212;&#8212;&#8212;&#8212;&#8212;&#8212;&#8212;&#8212;&#8211;<\/p>\n<p>[\/vc_column_text][vc_empty_space][vc_column_text]<\/p>\n<p style=\"text-align: center;\">Je\u015bli masz jakiekolwiek pytania lub w\u0105tpliwo\u015bci &#8211; napisz \u015bmia\u0142o! Ch\u0119tnie pomog\u0119.<\/p>\n<p>[\/vc_column_text][vc_empty_space][vc_empty_space][vc_empty_space][\/vc_column][\/vc_row][vc_row][vc_column][vc_column_text][\/vc_column_text][vc_column_text]<\/p>\n<h1 style=\"text-align: center;\"><strong>Czas realizacji<\/strong><\/h1>\n<p style=\"text-align: center;\"><strong>do 10 dni roboczych* + czas dostawy<\/strong><\/p>\n<p style=\"text-align: center;\">(liczone od momentu otrzymania wp\u0142aty za zam\u00f3wienie).<\/p>\n<h6 style=\"text-align: center;\">*dni robocze: dni od poniedzia\u0142ku do pi\u0105tku z wy\u0142\u0105czeniem dni \u015bwi\u0105tecznych.<\/h6>\n<p>[\/vc_column_text][\/vc_column][\/vc_row][vc_row][vc_column][vc_empty_space][vc_empty_space][vc_empty_space][vc_empty_space][vc_empty_space][vc_column_text]<\/p>\n<h3 style=\"text-align: center;\"><b>Co wyr\u00f3\u017cnia <\/b><b>moje ozdoby \u015awi\u0105teczne?<\/b><\/h3>\n<p style=\"text-align: center;\">Bombki <strong>r\u0119cznie grawerowane<\/strong> kaligrafi\u0105 nowoczesn\u0105, z b\u0142yszcz\u0105cym wype\u0142nieniem graweru, wprowadzi\u0142am jako <strong>pierwsza firma w Polsce<\/strong> w 2020 roku i co roku by\u0142y wyprzedane. Du\u017ce do\u015bwiadczenie pozwoli\u0142o mi <strong>udoskonala\u0107 grawer<\/strong> dla jeszcze pi\u0119kniejszego efektu a do bombek dodawany jest <strong>sygnowany certyfikat oryginalno\u015bci<\/strong> \u00a0oraz <strong>karta &#8220;\u015awi\u0105teczne wspomnienia&#8221;<\/strong> z kaligrafowan\u0105 Wasz\u0105 notatk\u0105 \/ dedykacj\u0105. To wszystko zapakowane jest w <strong>eleganckie bia\u0142e pude\u0142ko <\/strong>ze z\u0142otym logo &#8211; gotowe<strong> do wr\u0119czenia na prezent.<\/strong><\/p>\n<p style=\"text-align: center;\"><strong>Kupujesz unikat<\/strong>, wykonany specjalnie dla Ciebie, dzi\u0119ki r\u0119cznej, artystycznej pracy nie ma dw\u00f3ch identycznych egzemplarzy.<\/p>\n<p>[\/vc_column_text][vc_empty_space][vc_empty_space][vc_empty_space][vc_empty_space][vc_empty_space][vc_empty_space][vc_empty_space][\/vc_column][\/vc_row][vc_row][vc_column][\/vc_column][\/vc_row][vc_row][vc_column][vc_column_text]<\/p>\n<h3 style=\"text-align: left;\"><strong>WA\u017bNE<\/strong><\/h3>\n<ul>\n<li style=\"text-align: left;\">Grawerowanie kaligrafi\u0105 jest subiektywn\u0105 form\u0105 sztuki. Ka\u017cdy projekt b\u0119dzie unikalny.<\/li>\n<li style=\"text-align: left;\">Nale\u017cy pami\u0119ta\u0107, \u017ce grawerowanie tworz\u0119 w formie kaligrafii nowoczesnej, co oznacza, \u017ce \u200b\u200bnie wszystkie kszta\u0142ty liter b\u0119d\u0105 tego samego rozmiaru lub w tej samej linii, jest to uwa\u017cane za cz\u0119\u015b\u0107 estetyki projektu.<\/li>\n<li style=\"text-align: left;\">Wype\u0142nienie kolorem mo\u017ce z czasem zanika\u0107. Zalecam nie dotyka\u0107 kolorowego wyko\u0144czenia bezpo\u015brednio, je\u015bli to mo\u017cliwe, aby zapobiec blakni\u0119ciu i chroni\u0107 przed bezpo\u015brednim dzia\u0142aniem promieni s\u0142onecznych i detergent\u00f3w.<\/li>\n<li style=\"text-align: left;\">Zam\u00f3wienie starannie pakuj\u0119 i dok\u0142adnie zabezpieczam aby bombki dotar\u0142y do Was w stanie idealnym. Nie mog\u0119 jednak przewidzie\u0107 w pe\u0142ni, jak paczka zostanie potraktowana w transporcie przez firm\u0119 kuriersk\u0105. Prosz\u0119 o sprawdzenie zawarto\u015bci przy odbiorze i w razie uszkodzenia, sporz\u0105dzenie protoko\u0142u z kurierem.<\/li>\n<li><strong>Wszystkie produkty z oferty s\u0105 personalizowane &#8211; nie podlegaj\u0105 zwrotowi.<\/strong><\/li>\n<\/ul>\n<p>[\/vc_column_text][vc_empty_space][vc_empty_space][vc_empty_space][vc_empty_space][vc_empty_space][vc_empty_space][\/vc_column][\/vc_row]<\/p>\n","protected":false},"excerpt":{"rendered":"<p>[vc_row full_width=&#8221;stretch_row&#8221; full_height=&#8221;yes&#8221; content_placement=&#8221;middle&#8221; parallax=&#8221;content-moving&#8221; parallax_image=&#8221;854&#8243; dt_color=&#8221;#ffffff&#8221; dt_color_opacity=&#8221;80&#8243;][vc_column][vc_custom_heading text=&#8221;OFERTA \u015aWI\u0104TECZNA 2025&#8243; font_container=&#8221;tag:h1|text_align:center|color:%23686868&#8243; use_theme_fonts=&#8221;yes&#8221;][vc_column_text] Edycja limitowana &#8211; do wyczerpania&#8230; <a class=\"excerpt-read-more\" href=\"https:\/\/stalowkapisane.pl\/?page_id=476\"><span>Read More<\/span><\/a><\/p>\n","protected":false},"author":1,"featured_media":0,"parent":0,"menu_order":0,"comment_status":"closed","ping_status":"closed","template":"","meta":{"footnotes":""},"class_list":["post-476","page","type-page","status-publish","hentry"],"featured_image_urls_v2":{"full":"","thumbnail":"","medium":"","medium_large":"","large":"","1536x1536":"","2048x2048":"","dt-gallery-thumb":"","dt-member-thumb":"","mora-blog-thumbnail":"","mora-blog-grid-thumbnail":"","mora-blog-carousel-thumbnail":"","mora-full-size":""},"post_excerpt_stackable_v2":"<p>[vc_row full_width=&#8221;stretch_row&#8221; full_height=&#8221;yes&#8221; content_placement=&#8221;middle&#8221; parallax=&#8221;content-moving&#8221; parallax_image=&#8221;854&#8243; dt_color=&#8221;#ffffff&#8221; dt_color_opacity=&#8221;80&#8243;][vc_column][vc_custom_heading text=&#8221;OFERTA \u015aWI\u0104TECZNA 2025&#8243; font_container=&#8221;tag:h1|text_align:center|color:%23686868&#8243; use_theme_fonts=&#8221;yes&#8221;][vc_column_text] Edycja limitowana &#8211; do wyczerpania zapas\u00f3w! [\/vc_column_text][vc_column_text][\/vc_column_text][vc_empty_space][\/vc_column][\/vc_row][vc_row][vc_column][vc_column_text] Luksusowe ozdoby \u015bwi\u0105teczne. Personalizowane by uchwyci\u0107 magi\u0119 \u015awi\u0105t, symbolizowa\u0107 Wasze pi\u0119kne historie i wspomnienia. Idealnie sprawdz\u0105 si\u0119 r\u00f3wnie\u017c \u00a0jako ciep\u0142y, osobisty prezent dla bliskich os\u00f3b. [\/vc_column_text][vc_empty_space][vc_empty_space][vc_empty_space][vc_empty_space][vc_empty_space][\/vc_column][\/vc_row][vc_row][vc_column width=&#8221;1\/2&#8243;][vc_column_text] Ceramiczna gwiazdka &#8211; r\u0119cznie grawerowana R\u0119cznie grawerowana kaligrafi\u0105, personalizowana bombka z ceramiki \u2013 w kszta\u0142cie GWIAZDKI lub KO\u0141A. Ka\u017cda powstaje indywidualnie, z Twoim s\u0142owem, inicja\u0142ami lub imieniem. Pakowana jest w eleganckie pude\u0142ko z certyfikatem oryginalno\u015bci. W zestawie: \u2022ceramiczna ozdoba (gwiazdka lub ko\u0142o), wymiary gwiazdki ok 7,5cm x 0,3cm grubo\u015bci, ko\u0142o ok. 7cm x&hellip;<\/p>\n","category_list_v2":"","author_info_v2":{"name":"Magdalena","url":"https:\/\/stalowkapisane.pl\/?author=1"},"comments_num_v2":"0 comments","jetpack_sharing_enabled":true,"_links":{"self":[{"href":"https:\/\/stalowkapisane.pl\/index.php?rest_route=\/wp\/v2\/pages\/476","targetHints":{"allow":["GET"]}}],"collection":[{"href":"https:\/\/stalowkapisane.pl\/index.php?rest_route=\/wp\/v2\/pages"}],"about":[{"href":"https:\/\/stalowkapisane.pl\/index.php?rest_route=\/wp\/v2\/types\/page"}],"author":[{"embeddable":true,"href":"https:\/\/stalowkapisane.pl\/index.php?rest_route=\/wp\/v2\/users\/1"}],"replies":[{"embeddable":true,"href":"https:\/\/stalowkapisane.pl\/index.php?rest_route=%2Fwp%2Fv2%2Fcomments&post=476"}],"version-history":[{"count":314,"href":"https:\/\/stalowkapisane.pl\/index.php?rest_route=\/wp\/v2\/pages\/476\/revisions"}],"predecessor-version":[{"id":1031,"href":"https:\/\/stalowkapisane.pl\/index.php?rest_route=\/wp\/v2\/pages\/476\/revisions\/1031"}],"wp:attachment":[{"href":"https:\/\/stalowkapisane.pl\/index.php?rest_route=%2Fwp%2Fv2%2Fmedia&parent=476"}],"curies":[{"name":"wp","href":"https:\/\/api.w.org\/{rel}","templated":true}]}}